{"id":31,"date":"2019-11-12T14:19:46","date_gmt":"2019-11-12T14:19:46","guid":{"rendered":"https:\/\/tipsvangeert.nl\/?page_id=31"},"modified":"2020-02-04T12:52:28","modified_gmt":"2020-02-04T12:52:28","slug":"home","status":"publish","type":"page","link":"https:\/\/tipsvangeert.nl\/de\/","title":{"rendered":"Home"},"content":{"rendered":"\n<div class=\"wp-block-group min-100\"><div class=\"wp-block-group__inner-container is-layout-flow wp-block-group-is-layout-flow\">\n<div class=\"wp-block-image d-lg-none\"><figure class=\"alignleft size-medium\"><img loading=\"lazy\" decoding=\"async\" width=\"163\" height=\"300\" src=\"https:\/\/tipsvangeert.nl\/content\/geert-163x300.png\" alt=\"\" class=\"wp-image-55\" srcset=\"https:\/\/tipsvangeert.nl\/content\/geert-163x300.png 163w, https:\/\/tipsvangeert.nl\/content\/geert.png 391w\" sizes=\"auto, (max-width: 163px) 100vw, 163px\" \/><\/figure><\/div>\n\n\n\n<h2 class=\"home-title1 wp-block-heading\">HERZLICH WILLKOMMEN<\/h2>\n\n\n\n<h2 class=\"home-title2 wp-block-heading\">ICH BIN GEERT<\/h2>\n\n\n\n<p class=\"has-normal-font-size pt-5\"><strong>Ich bin Geert und begr\u00fc\u00dfe Sie auf dieser Website, auf der ich Ihnen n\u00fctzliche Pflegetipps f\u00fcr die von Ihnen gekauften Pflanzen geben m\u00f6chte. Mit diesen Tipps werden Sie noch mehr Freude an diesen Pflanzen haben und die Pflanzen f\u00fchlen sich besser.<\/strong><\/p>\n<\/div><\/div>\n\n\n\n<div class=\"wp-block-group pb-4\"><div class=\"wp-block-group__inner-container is-layout-flow wp-block-group-is-layout-flow\">\n<h2 class=\"has-text-align-center heading1 wp-block-heading\">GEERT ERZ\u00c4HLT \u00dcBER SEINE PFLANZEN<\/h2>\n\n\n\n<p class=\"has-text-align-center\"><strong>Jede Pflanze braucht ihre eigene Pflege. Deshalb habe ich f\u00fcr Sie Informationen und Pflegetipps zu Ihren Pflanzen pro Pflanzentyp. Auf diese Weise lesen und erfahren Sie noch mehr \u00fcber Ihre gekauften Pflanzen. F\u00fchlen Sie sich frei, es zu lesen. <\/strong><\/p>\n\n\n\n<p class=\"has-text-align-center\"><strong>Erfahren Sie, wie und warum Sie Ihre Pflanze noch mehr genie\u00dfen k\u00f6nnen. Lesen sie dieses hierunter.\u00a0<\/strong><\/p>\n\n\n\n<p class=\"has-text-align-center\"><strong>Viel Spa\u00df mit deiner Pflanze<\/strong><\/p>\n\n\n\n<p><\/p>\n\n\n    <div class=\"px-5\">\r\n      <div class=\"slickslider plantsslider\">\r\n                  <div>\r\n            <a href=\"https:\/\/tipsvangeert.nl\/de\/planten\/dracaena\/\" class=\"h-100 w-100\">\r\n              <div class=\"plantsslider-item px-3 d-flex flex-column\">\r\n                <div class=\"plantsslider-title py-2\">Dracaena<\/div>\r\n                <div class=\"align-items-center d-flex h-100 justify-content-center plantsslider-img py-2\">\r\n                  <img decoding=\"async\" src=\"https:\/\/tipsvangeert.nl\/content\/ER--scaled.jpg\" class=\"img-fluid\">\r\n                <\/div>\r\n              <\/div>\r\n            <\/a>\r\n          <\/div>\r\n                  <div>\r\n            <a href=\"https:\/\/tipsvangeert.nl\/de\/planten\/fatsia\/\" class=\"h-100 w-100\">\r\n              <div class=\"plantsslider-item px-3 d-flex flex-column\">\r\n                <div class=\"plantsslider-title py-2\">Fatsia<\/div>\r\n                <div class=\"align-items-center d-flex h-100 justify-content-center plantsslider-img py-2\">\r\n                  <img decoding=\"async\" src=\"https:\/\/tipsvangeert.nl\/content\/FF1-scaled.jpg\" class=\"img-fluid\">\r\n                <\/div>\r\n              <\/div>\r\n            <\/a>\r\n          <\/div>\r\n                  <div>\r\n            <a href=\"https:\/\/tipsvangeert.nl\/de\/planten\/monstera-deliciosa\/\" class=\"h-100 w-100\">\r\n              <div class=\"plantsslider-item px-3 d-flex flex-column\">\r\n                <div class=\"plantsslider-title py-2\">Monstera deliciosa<\/div>\r\n                <div class=\"align-items-center d-flex h-100 justify-content-center plantsslider-img py-2\">\r\n                  <img decoding=\"async\" src=\"https:\/\/tipsvangeert.nl\/content\/Mo1A-scaled.jpg\" class=\"img-fluid\">\r\n                <\/div>\r\n              <\/div>\r\n            <\/a>\r\n          <\/div>\r\n                  <div>\r\n            <a href=\"https:\/\/tipsvangeert.nl\/de\/planten\/yucca\/\" class=\"h-100 w-100\">\r\n              <div class=\"plantsslider-item px-3 d-flex flex-column\">\r\n                <div class=\"plantsslider-title py-2\">Yucca<\/div>\r\n                <div class=\"align-items-center d-flex h-100 justify-content-center plantsslider-img py-2\">\r\n                  <img decoding=\"async\" src=\"https:\/\/tipsvangeert.nl\/content\/YAQ-scaled.jpg\" class=\"img-fluid\">\r\n                <\/div>\r\n              <\/div>\r\n            <\/a>\r\n          <\/div>\r\n                  <div>\r\n            <a href=\"https:\/\/tipsvangeert.nl\/de\/planten\/ficus\/\" class=\"h-100 w-100\">\r\n              <div class=\"plantsslider-item px-3 d-flex flex-column\">\r\n                <div class=\"plantsslider-title py-2\">Ficus<\/div>\r\n                <div class=\"align-items-center d-flex h-100 justify-content-center plantsslider-img py-2\">\r\n                  <img decoding=\"async\" src=\"https:\/\/tipsvangeert.nl\/content\/GK123-scaled.jpg\" class=\"img-fluid\">\r\n                <\/div>\r\n              <\/div>\r\n            <\/a>\r\n          <\/div>\r\n                  <div>\r\n            <a href=\"https:\/\/tipsvangeert.nl\/de\/planten\/hortensie\/\" class=\"h-100 w-100\">\r\n              <div class=\"plantsslider-item px-3 d-flex flex-column\">\r\n                <div class=\"plantsslider-title py-2\">Hortensie<\/div>\r\n                <div class=\"align-items-center d-flex h-100 justify-content-center plantsslider-img py-2\">\r\n                  <img decoding=\"async\" src=\"https:\/\/tipsvangeert.nl\/content\/H1s-scaled.jpg\" class=\"img-fluid\">\r\n                <\/div>\r\n              <\/div>\r\n            <\/a>\r\n          <\/div>\r\n                  <div>\r\n            <a href=\"https:\/\/tipsvangeert.nl\/de\/planten\/schefflera\/\" class=\"h-100 w-100\">\r\n              <div class=\"plantsslider-item px-3 d-flex flex-column\">\r\n                <div class=\"plantsslider-title py-2\">Schefflera<\/div>\r\n                <div class=\"align-items-center d-flex h-100 justify-content-center plantsslider-img py-2\">\r\n                  <img decoding=\"async\" src=\"https:\/\/tipsvangeert.nl\/content\/CAL-scaled.jpg\" class=\"img-fluid\">\r\n                <\/div>\r\n              <\/div>\r\n            <\/a>\r\n          <\/div>\r\n                  <div>\r\n            <a href=\"https:\/\/tipsvangeert.nl\/de\/planten\/kugelchrysanthemen\/\" class=\"h-100 w-100\">\r\n              <div class=\"plantsslider-item px-3 d-flex flex-column\">\r\n                <div class=\"plantsslider-title py-2\">Kugelchrysanthemen<\/div>\r\n                <div class=\"align-items-center d-flex h-100 justify-content-center plantsslider-img py-2\">\r\n                  <img decoding=\"async\" src=\"https:\/\/tipsvangeert.nl\/content\/GGG-scaled.jpg\" class=\"img-fluid\">\r\n                <\/div>\r\n              <\/div>\r\n            <\/a>\r\n          <\/div>\r\n                  <div>\r\n            <a href=\"https:\/\/tipsvangeert.nl\/de\/planten\/weihnachtsstern\/\" class=\"h-100 w-100\">\r\n              <div class=\"plantsslider-item px-3 d-flex flex-column\">\r\n                <div class=\"plantsslider-title py-2\">Weihnachtsstern<\/div>\r\n                <div class=\"align-items-center d-flex h-100 justify-content-center plantsslider-img py-2\">\r\n                  <img decoding=\"async\" src=\"https:\/\/tipsvangeert.nl\/content\/KNEW-scaled.jpg\" class=\"img-fluid\">\r\n                <\/div>\r\n              <\/div>\r\n            <\/a>\r\n          <\/div>\r\n              <\/div>\r\n    <\/div>\r\n<\/div><\/div>\n","protected":false},"excerpt":{"rendered":"<p>HERZLICH WILLKOMMEN ICH BIN GEERT Ich bin Geert und begr\u00fc\u00dfe Sie auf dieser Website, auf der ich Ihnen n\u00fctzliche Pflegetipps f\u00fcr die von Ihnen gekauften Pflanzen geben m\u00f6chte. Mit diesen Tipps werden Sie noch mehr Freude an diesen Pflanzen haben und die Pflanzen f\u00fchlen sich besser. GEERT ERZ\u00c4HLT \u00dcBER SEINE PFLANZEN Jede Pflanze braucht ihre [&hellip;]<\/p>\n","protected":false},"author":1,"featured_media":0,"parent":0,"menu_order":0,"comment_status":"closed","ping_status":"closed","template":"","meta":{"_acf_changed":false,"_glsr_average":0,"_glsr_ranking":0,"_glsr_reviews":0,"footnotes":""},"class_list":["post-31","page","type-page","status-publish","hentry"],"acf":[],"_links":{"self":[{"href":"https:\/\/tipsvangeert.nl\/de\/wp-json\/wp\/v2\/pages\/31","targetHints":{"allow":["GET"]}}],"collection":[{"href":"https:\/\/tipsvangeert.nl\/de\/wp-json\/wp\/v2\/pages"}],"about":[{"href":"https:\/\/tipsvangeert.nl\/de\/wp-json\/wp\/v2\/types\/page"}],"author":[{"embeddable":true,"href":"https:\/\/tipsvangeert.nl\/de\/wp-json\/wp\/v2\/users\/1"}],"replies":[{"embeddable":true,"href":"https:\/\/tipsvangeert.nl\/de\/wp-json\/wp\/v2\/comments?post=31"}],"version-history":[{"count":32,"href":"https:\/\/tipsvangeert.nl\/de\/wp-json\/wp\/v2\/pages\/31\/revisions"}],"predecessor-version":[{"id":706,"href":"https:\/\/tipsvangeert.nl\/de\/wp-json\/wp\/v2\/pages\/31\/revisions\/706"}],"wp:attachment":[{"href":"https:\/\/tipsvangeert.nl\/de\/wp-json\/wp\/v2\/media?parent=31"}],"curies":[{"name":"wp","href":"https:\/\/api.w.org\/{rel}","templated":true}]}}