{"id":709,"date":"2020-02-04T12:58:00","date_gmt":"2020-02-04T12:58:00","guid":{"rendered":"https:\/\/tipsvangeert.nl\/?page_id=709"},"modified":"2020-02-04T12:58:03","modified_gmt":"2020-02-04T12:58:03","slug":"geerts-pflanzen","status":"publish","type":"page","link":"https:\/\/tipsvangeert.nl\/de\/geerts-pflanzen\/","title":{"rendered":"Geert&#8217;s Pflanzen"},"content":{"rendered":"\n<div class=\"wp-block-image d-lg-none\"><figure class=\"alignleft size-medium\"><img loading=\"lazy\" decoding=\"async\" width=\"163\" height=\"300\" src=\"https:\/\/tipsvangeert.nl\/content\/\/geert-163x300.png\" alt=\"\" class=\"wp-image-55\" srcset=\"https:\/\/tipsvangeert.nl\/content\/geert-163x300.png 163w, https:\/\/tipsvangeert.nl\/content\/geert.png 391w\" sizes=\"auto, (max-width: 163px) 100vw, 163px\" \/><\/figure><\/div>\n\n\n\n<div class=\"wp-block-group pb-4\"><div class=\"wp-block-group__inner-container is-layout-flow wp-block-group-is-layout-flow\">\n<h2 class=\"has-text-align-center heading1 wp-block-heading\">Geert&#8217;s Pflanzen<\/h2>\n\n\n\n<p class=\"has-text-align-center\"><strong>In der Zwischenzeit wei\u00df ich, dass die Menschen wirklich sch\u00f6ne Bl\u00fctenpflanzen genie\u00dfen k\u00f6nnen. Deshalb z\u00fcchte ich das ganze Jahr \u00fcber eine Reihe von Bl\u00fctenpflanzen, damit es immer sch\u00f6ne Bl\u00fctenpflanzen gibt.<\/strong><\/p>\n\n\n\n<p class=\"has-text-align-center\"><strong>Pflanzen sorgen f\u00fcr ein gesundes Wohnklima im Innen- und Au\u00dfenbereich. Die Natur ist allen Menschen wichtig. Pflanzen tun viel f\u00fcr den Menschen, die Sinne wird ber\u00fchrt und die Kinder freuen sich, in die &#8222;gr\u00fcne&#8220; Welt aufgenommen zu werden. Pflanzen f\u00fcllen Innen- und Au\u00dfenbereich bestens aus.\u00a0<\/strong><\/p>\n\n\n\n<p class=\"has-text-align-center\"><strong>Das ganze Jahr \u00fcber k\u00f6nnen Ihre Pflanzenverk\u00e4ufer f\u00fcr sch\u00f6ne Bl\u00fctenpflanzen zu mir kommen.<\/strong><\/p>\n\n\n    <div class=\"px-5\">\r\n      <div class=\"slickslider plantsslider\">\r\n                  <div>\r\n            <a href=\"https:\/\/tipsvangeert.nl\/de\/planten\/dracaena\/\" class=\"h-100 w-100\">\r\n              <div class=\"plantsslider-item px-3 d-flex flex-column\">\r\n                <div class=\"plantsslider-title py-2\">Dracaena<\/div>\r\n                <div class=\"align-items-center d-flex h-100 justify-content-center plantsslider-img py-2\">\r\n                  <img decoding=\"async\" src=\"https:\/\/tipsvangeert.nl\/content\/ER--scaled.jpg\" class=\"img-fluid\">\r\n                <\/div>\r\n              <\/div>\r\n            <\/a>\r\n          <\/div>\r\n                  <div>\r\n            <a href=\"https:\/\/tipsvangeert.nl\/de\/planten\/fatsia\/\" class=\"h-100 w-100\">\r\n              <div class=\"plantsslider-item px-3 d-flex flex-column\">\r\n                <div class=\"plantsslider-title py-2\">Fatsia<\/div>\r\n                <div class=\"align-items-center d-flex h-100 justify-content-center plantsslider-img py-2\">\r\n                  <img decoding=\"async\" src=\"https:\/\/tipsvangeert.nl\/content\/FF1-scaled.jpg\" class=\"img-fluid\">\r\n                <\/div>\r\n              <\/div>\r\n            <\/a>\r\n          <\/div>\r\n                  <div>\r\n            <a href=\"https:\/\/tipsvangeert.nl\/de\/planten\/monstera-deliciosa\/\" class=\"h-100 w-100\">\r\n              <div class=\"plantsslider-item px-3 d-flex flex-column\">\r\n                <div class=\"plantsslider-title py-2\">Monstera deliciosa<\/div>\r\n                <div class=\"align-items-center d-flex h-100 justify-content-center plantsslider-img py-2\">\r\n                  <img decoding=\"async\" src=\"https:\/\/tipsvangeert.nl\/content\/Mo1A-scaled.jpg\" class=\"img-fluid\">\r\n                <\/div>\r\n              <\/div>\r\n            <\/a>\r\n          <\/div>\r\n                  <div>\r\n            <a href=\"https:\/\/tipsvangeert.nl\/de\/planten\/yucca\/\" class=\"h-100 w-100\">\r\n              <div class=\"plantsslider-item px-3 d-flex flex-column\">\r\n                <div class=\"plantsslider-title py-2\">Yucca<\/div>\r\n                <div class=\"align-items-center d-flex h-100 justify-content-center plantsslider-img py-2\">\r\n                  <img decoding=\"async\" src=\"https:\/\/tipsvangeert.nl\/content\/YAQ-scaled.jpg\" class=\"img-fluid\">\r\n                <\/div>\r\n              <\/div>\r\n            <\/a>\r\n          <\/div>\r\n                  <div>\r\n            <a href=\"https:\/\/tipsvangeert.nl\/de\/planten\/ficus\/\" class=\"h-100 w-100\">\r\n              <div class=\"plantsslider-item px-3 d-flex flex-column\">\r\n                <div class=\"plantsslider-title py-2\">Ficus<\/div>\r\n                <div class=\"align-items-center d-flex h-100 justify-content-center plantsslider-img py-2\">\r\n                  <img decoding=\"async\" src=\"https:\/\/tipsvangeert.nl\/content\/GK123-scaled.jpg\" class=\"img-fluid\">\r\n                <\/div>\r\n              <\/div>\r\n            <\/a>\r\n          <\/div>\r\n                  <div>\r\n            <a href=\"https:\/\/tipsvangeert.nl\/de\/planten\/hortensie\/\" class=\"h-100 w-100\">\r\n              <div class=\"plantsslider-item px-3 d-flex flex-column\">\r\n                <div class=\"plantsslider-title py-2\">Hortensie<\/div>\r\n                <div class=\"align-items-center d-flex h-100 justify-content-center plantsslider-img py-2\">\r\n                  <img decoding=\"async\" src=\"https:\/\/tipsvangeert.nl\/content\/H1s-scaled.jpg\" class=\"img-fluid\">\r\n                <\/div>\r\n              <\/div>\r\n            <\/a>\r\n          <\/div>\r\n                  <div>\r\n            <a href=\"https:\/\/tipsvangeert.nl\/de\/planten\/schefflera\/\" class=\"h-100 w-100\">\r\n              <div class=\"plantsslider-item px-3 d-flex flex-column\">\r\n                <div class=\"plantsslider-title py-2\">Schefflera<\/div>\r\n                <div class=\"align-items-center d-flex h-100 justify-content-center plantsslider-img py-2\">\r\n                  <img decoding=\"async\" src=\"https:\/\/tipsvangeert.nl\/content\/CAL-scaled.jpg\" class=\"img-fluid\">\r\n                <\/div>\r\n              <\/div>\r\n            <\/a>\r\n          <\/div>\r\n                  <div>\r\n            <a href=\"https:\/\/tipsvangeert.nl\/de\/planten\/kugelchrysanthemen\/\" class=\"h-100 w-100\">\r\n              <div class=\"plantsslider-item px-3 d-flex flex-column\">\r\n                <div class=\"plantsslider-title py-2\">Kugelchrysanthemen<\/div>\r\n                <div class=\"align-items-center d-flex h-100 justify-content-center plantsslider-img py-2\">\r\n                  <img decoding=\"async\" src=\"https:\/\/tipsvangeert.nl\/content\/GGG-scaled.jpg\" class=\"img-fluid\">\r\n                <\/div>\r\n              <\/div>\r\n            <\/a>\r\n          <\/div>\r\n                  <div>\r\n            <a href=\"https:\/\/tipsvangeert.nl\/de\/planten\/weihnachtsstern\/\" class=\"h-100 w-100\">\r\n              <div class=\"plantsslider-item px-3 d-flex flex-column\">\r\n                <div class=\"plantsslider-title py-2\">Weihnachtsstern<\/div>\r\n                <div class=\"align-items-center d-flex h-100 justify-content-center plantsslider-img py-2\">\r\n                  <img decoding=\"async\" src=\"https:\/\/tipsvangeert.nl\/content\/KNEW-scaled.jpg\" class=\"img-fluid\">\r\n                <\/div>\r\n              <\/div>\r\n            <\/a>\r\n          <\/div>\r\n              <\/div>\r\n    <\/div>\r\n<\/div><\/div>\n","protected":false},"excerpt":{"rendered":"<p>Geert&#8217;s Pflanzen In der Zwischenzeit wei\u00df ich, dass die Menschen wirklich sch\u00f6ne Bl\u00fctenpflanzen genie\u00dfen k\u00f6nnen. Deshalb z\u00fcchte ich das ganze Jahr \u00fcber eine Reihe von Bl\u00fctenpflanzen, damit es immer sch\u00f6ne Bl\u00fctenpflanzen gibt. Pflanzen sorgen f\u00fcr ein gesundes Wohnklima im Innen- und Au\u00dfenbereich. Die Natur ist allen Menschen wichtig. Pflanzen tun viel f\u00fcr den Menschen, die [&hellip;]<\/p>\n","protected":false},"author":1,"featured_media":0,"parent":0,"menu_order":0,"comment_status":"closed","ping_status":"closed","template":"","meta":{"_acf_changed":false,"_glsr_average":0,"_glsr_ranking":0,"_glsr_reviews":0,"footnotes":""},"class_list":["post-709","page","type-page","status-publish","hentry"],"acf":[],"_links":{"self":[{"href":"https:\/\/tipsvangeert.nl\/de\/wp-json\/wp\/v2\/pages\/709","targetHints":{"allow":["GET"]}}],"collection":[{"href":"https:\/\/tipsvangeert.nl\/de\/wp-json\/wp\/v2\/pages"}],"about":[{"href":"https:\/\/tipsvangeert.nl\/de\/wp-json\/wp\/v2\/types\/page"}],"author":[{"embeddable":true,"href":"https:\/\/tipsvangeert.nl\/de\/wp-json\/wp\/v2\/users\/1"}],"replies":[{"embeddable":true,"href":"https:\/\/tipsvangeert.nl\/de\/wp-json\/wp\/v2\/comments?post=709"}],"version-history":[{"count":2,"href":"https:\/\/tipsvangeert.nl\/de\/wp-json\/wp\/v2\/pages\/709\/revisions"}],"predecessor-version":[{"id":711,"href":"https:\/\/tipsvangeert.nl\/de\/wp-json\/wp\/v2\/pages\/709\/revisions\/711"}],"wp:attachment":[{"href":"https:\/\/tipsvangeert.nl\/de\/wp-json\/wp\/v2\/media?parent=709"}],"curies":[{"name":"wp","href":"https:\/\/api.w.org\/{rel}","templated":true}]}}