{"id":716,"date":"2020-02-04T13:12:30","date_gmt":"2020-02-04T13:12:30","guid":{"rendered":"https:\/\/tipsvangeert.nl\/?page_id=716"},"modified":"2020-02-04T13:12:33","modified_gmt":"2020-02-04T13:12:33","slug":"ueber-geert","status":"publish","type":"page","link":"https:\/\/tipsvangeert.nl\/de\/ueber-geert\/","title":{"rendered":"\u00dcber Geert"},"content":{"rendered":"\n<div class=\"wp-block-group min-100 pb-1\"><div class=\"wp-block-group__inner-container is-layout-flow wp-block-group-is-layout-flow\">\n<div class=\"wp-block-image d-lg-none\"><figure class=\"alignleft size-medium\"><img loading=\"lazy\" decoding=\"async\" width=\"163\" height=\"300\" src=\"https:\/\/tipsvangeert.nl\/content\/\/geert-163x300.png\" alt=\"\" class=\"wp-image-55\" srcset=\"https:\/\/tipsvangeert.nl\/content\/geert-163x300.png 163w, https:\/\/tipsvangeert.nl\/content\/geert.png 391w\" sizes=\"auto, (max-width: 163px) 100vw, 163px\" \/><\/figure><\/div>\n\n\n\n<h2 class=\"has-text-align-center heading1 theclear wp-block-heading\">GEERT, EIN ECHTER DRENT!<\/h2>\n\n\n\n<p class=\"has-text-align-center\"><strong>Sie sagen, dass ich ein fr\u00f6hlicher Pflanzenz\u00fcchter &#8222;uut&#8220; Drenthe bin. Ich wurde in Klazienaveen geboren, dieser Ort liegt im S\u00fcdosten von Drenthe.<br><br>Ich bin stolz auf Drenthe, eine Provinz, in der Geschichte auf dem Spiel steht. Ob es die Dolmen, die Grabh\u00fcgel, die alten Heiden und Sandd\u00fcnen oder die Hintergr\u00fcnde der verschiedenen erkennbaren Regionen in Drenthe sind.<br><br>Sind Sie ein erfahrener Wanderer, ein begeisterter Radfahrer, ein Schwimmfanatiker oder am liebsten im Galopp auf Ihrem Pferd? In Drenthe k\u00f6nnen Sie sich in jeder Gegend am\u00fcsieren. Die Natur scheint daf\u00fcr geschaffen zu sein und wir sind daf\u00fcr bestens ger\u00fcstet. Mit dem Kanu durch ein Bachtal, mitten im Wald schwimmen, in gro\u00dfer H\u00f6he zwischen den B\u00e4umen klettern oder durch die Heide rennen. Genau wie ich werden Sie automatisch aktiv, wenn Sie in Drenthe sind.<br><br>Aber nichts ist notwendig, entspannen Sie sich und genie\u00dfen Sie Drenthe.<\/strong><\/p>\n\n\n<div class=\"wp-bootstrap-blocks-row row\">\n\t\n\n<div class=\"col-12 col-md-6\">\n\t\t\t\n\n<div class=\"wp-block-image\"><figure class=\"aligncenter size-large is-resized\"><img loading=\"lazy\" decoding=\"async\" src=\"https:\/\/tipsvangeert.nl\/content\/vlinder-bloem.jpg\" alt=\"\" class=\"wp-image-650\" width=\"330\" height=\"198\" srcset=\"https:\/\/tipsvangeert.nl\/content\/vlinder-bloem.jpg 445w, https:\/\/tipsvangeert.nl\/content\/vlinder-bloem-300x180.jpg 300w\" sizes=\"auto, (max-width: 330px) 100vw, 330px\" \/><\/figure><\/div>\n\n\n\n<p><\/p>\n\n\t<\/div>\n\n\n\n<div class=\"col-12 col-md-6\">\n\t\t\t\n\n<div class=\"wp-block-image\"><figure class=\"aligncenter size-large is-resized\"><img loading=\"lazy\" decoding=\"async\" src=\"https:\/\/tipsvangeert.nl\/content\/schapen.jpg\" alt=\"\" class=\"wp-image-596\" width=\"331\" height=\"198\" srcset=\"https:\/\/tipsvangeert.nl\/content\/schapen.jpg 445w, https:\/\/tipsvangeert.nl\/content\/schapen-300x180.jpg 300w\" sizes=\"auto, (max-width: 331px) 100vw, 331px\" \/><figcaption><strong>Drents Heideschafe<\/strong><\/figcaption><\/figure><\/div>\n\n\n\n<p><\/p>\n\n\t<\/div>\n\n<\/div>\n<\/div><\/div>\n\n\n\n<div class=\"wp-block-group pb-4\"><div class=\"wp-block-group__inner-container is-layout-flow wp-block-group-is-layout-flow\"><div class=\"wp-bootstrap-blocks-row row\">\n\t\n\n<div class=\"col-12 col-md-6\">\n\t\t\t\t<\/div>\n\n\n\n<div class=\"col-12 col-md-6\">\n\t\t\t\t<\/div>\n\n<\/div>\n\n\n\n<h2 class=\"has-text-align-center heading1 wp-block-heading\">GEERT GEHT F\u00dcR EINE NACHHALTIGE UND SICHERE PFLE<\/h2>\n\n\n\n<p><\/p>\n\n\n\n<p class=\"has-text-align-center\"><strong>Ich habe mir sehr klare Ziele f\u00fcr meinen G\u00e4rtnerei gesetzt, um meine Pflanzen nachhaltiger und noch umweltfreundlicher anzubauen. Diese Ziele sind definitiv progressiv, das m\u00f6chte ich anstreben.<br><br>Es ist auch nachhaltig dass wir unsere Mitarbeiter gut behandeln. Mitarbeiter bilden ein Unternehmen. Ergonomie in ihrer t\u00e4glichen Arbeit hat definitiv meine Aufmerksamkeit und ich setze diese wo n\u00f6tig ein und verbessere sie wo m\u00f6glich mit neuen Techniken und Mitteln.<br><br>Sicherheit ist auch nachhaltig. Sicherheit f\u00fcr meine Mitarbeiter. Deshalb unterrichte ich meine Mitarbeiter in allen Sicherheitsaspekten, denen wir in unserer t\u00e4glichen Arbeit begegnen.    <\/strong><\/p>\n\n\n\n<p style=\"font-size:21px\" class=\"has-text-align-center\"> <\/p>\n\n\n<div class=\"wp-bootstrap-blocks-row row\">\n\t\n\n<div class=\"col-12 col-md-6\">\n\t\t\t\n\n<div class=\"wp-block-image\"><figure class=\"aligncenter size-full is-resized\"><img loading=\"lazy\" decoding=\"async\" src=\"https:\/\/tipsvangeert.nl\/content\/keurmerk.png\" alt=\"\" class=\"wp-image-598\" width=\"149\" height=\"203\"\/><\/figure><\/div>\n\n\t<\/div>\n\n\n\n<div class=\"col-12 col-md-6\">\n\t\t\t\n\n<p><\/p>\n\n\n\n<div class=\"wp-block-image\"><figure class=\"aligncenter size-large is-resized\"><img loading=\"lazy\" decoding=\"async\" src=\"https:\/\/tipsvangeert.nl\/content\/globalgap.jpg\" alt=\"\" class=\"wp-image-654\" width=\"343\" height=\"140\"\/><\/figure><\/div>\n\n\t<\/div>\n\n<\/div>\n<\/div><\/div>\n","protected":false},"excerpt":{"rendered":"<p>GEERT, EIN ECHTER DRENT! Sie sagen, dass ich ein fr\u00f6hlicher Pflanzenz\u00fcchter &#8222;uut&#8220; Drenthe bin. Ich wurde in Klazienaveen geboren, dieser Ort liegt im S\u00fcdosten von Drenthe. Ich bin stolz auf Drenthe, eine Provinz, in der Geschichte auf dem Spiel steht. Ob es die Dolmen, die Grabh\u00fcgel, die alten Heiden und Sandd\u00fcnen oder die Hintergr\u00fcnde der [&hellip;]<\/p>\n","protected":false},"author":1,"featured_media":0,"parent":0,"menu_order":0,"comment_status":"closed","ping_status":"closed","template":"","meta":{"_acf_changed":false,"_glsr_average":0,"_glsr_ranking":0,"_glsr_reviews":0,"footnotes":""},"class_list":["post-716","page","type-page","status-publish","hentry"],"acf":[],"_links":{"self":[{"href":"https:\/\/tipsvangeert.nl\/de\/wp-json\/wp\/v2\/pages\/716","targetHints":{"allow":["GET"]}}],"collection":[{"href":"https:\/\/tipsvangeert.nl\/de\/wp-json\/wp\/v2\/pages"}],"about":[{"href":"https:\/\/tipsvangeert.nl\/de\/wp-json\/wp\/v2\/types\/page"}],"author":[{"embeddable":true,"href":"https:\/\/tipsvangeert.nl\/de\/wp-json\/wp\/v2\/users\/1"}],"replies":[{"embeddable":true,"href":"https:\/\/tipsvangeert.nl\/de\/wp-json\/wp\/v2\/comments?post=716"}],"version-history":[{"count":1,"href":"https:\/\/tipsvangeert.nl\/de\/wp-json\/wp\/v2\/pages\/716\/revisions"}],"predecessor-version":[{"id":717,"href":"https:\/\/tipsvangeert.nl\/de\/wp-json\/wp\/v2\/pages\/716\/revisions\/717"}],"wp:attachment":[{"href":"https:\/\/tipsvangeert.nl\/de\/wp-json\/wp\/v2\/media?parent=716"}],"curies":[{"name":"wp","href":"https:\/\/api.w.org\/{rel}","templated":true}]}}